{"id":22,"date":"2024-05-24T10:22:42","date_gmt":"2024-05-24T10:22:42","guid":{"rendered":"http:\/\/mein-studio.de\/?page_id=22"},"modified":"2024-10-07T19:09:19","modified_gmt":"2024-10-07T19:09:19","slug":"trainingsflaeche","status":"publish","type":"page","link":"https:\/\/mein-studio.de\/?page_id=22","title":{"rendered":"Trainingsfl\u00e4che"},"content":{"rendered":"\t\t<div data-elementor-type=\"wp-page\" data-elementor-id=\"22\" class=\"elementor elementor-22\">\n\t\t\t\t<div class=\"elementor-element elementor-element-f7cbf31 e-flex e-con-boxed e-con e-parent\" data-id=\"f7cbf31\" data-element_type=\"container\" data-e-type=\"container\">\n\t\t\t\t\t<div class=\"e-con-inner\">\n\t\t\t\t<div class=\"elementor-element elementor-element-04ee8e0 elementor-widget elementor-widget-image\" data-id=\"04ee8e0\" data-element_type=\"widget\" data-e-type=\"widget\" data-widget_type=\"image.default\">\n\t\t\t\t<div class=\"elementor-widget-container\">\n\t\t\t\t\t\t\t\t\t\t\t\t\t\t\t<img decoding=\"async\" src=\"https:\/\/mein-studio.de\/wp-content\/uploads\/2024\/06\/Trainingsflaeche.jpg\" title=\"Trainingsfl\u00e4che.jpg\" alt=\"Kettlebells aufgereiht auf einem Regal mit Aufschrift: Trainingsfl\u00e4che\" loading=\"lazy\" \/>\t\t\t\t\t\t\t\t\t\t\t\t\t\t\t<\/div>\n\t\t\t\t<\/div>\n\t\t\t\t<div class=\"elementor-element elementor-element-fbd1057 elementor-widget__width-initial elementor-widget elementor-widget-text-editor\" data-id=\"fbd1057\" data-element_type=\"widget\" data-e-type=\"widget\" data-widget_type=\"text-editor.default\">\n\t\t\t\t<div class=\"elementor-widget-container\">\n\t\t\t\t\t\t\t\t\t<p><strong>Willkommen auf unserer Trainingsfl\u00e4che<\/strong><\/p><p>Erlebe Fitness auf h\u00f6chstem Niveau auf unserer vielseitigen Trainingsfl\u00e4che! Ob Jung oder Alt, Anf\u00e4nger oder Profi \u2013 bei uns findest du die perfekten Ger\u00e4te f\u00fcr jede Muskelgruppe. Nutze unseren umfassenden Maschinenpark, den gut ausgestatteten Freihantelbereich, den dynamischen Crossfitbereich und zwei ger\u00e4umige Gymnastikr\u00e4ume. Starte dein Training bei uns und erreiche deine Ziele in einer motivierenden und professionellen Umgebung!<\/p>\t\t\t\t\t\t\t\t<\/div>\n\t\t\t\t<\/div>\n\t\t\t\t<div class=\"elementor-element elementor-element-ff60e70 elementor-arrows-position-inside elementor-pagination-position-outside elementor-widget elementor-widget-image-carousel\" data-id=\"ff60e70\" data-element_type=\"widget\" data-e-type=\"widget\" data-settings=\"{&quot;slides_to_show&quot;:&quot;3&quot;,&quot;autoplay_speed&quot;:2000,&quot;speed&quot;:1000,&quot;navigation&quot;:&quot;both&quot;,&quot;autoplay&quot;:&quot;yes&quot;,&quot;pause_on_hover&quot;:&quot;yes&quot;,&quot;pause_on_interaction&quot;:&quot;yes&quot;,&quot;infinite&quot;:&quot;yes&quot;}\" data-widget_type=\"image-carousel.default\">\n\t\t\t\t<div class=\"elementor-widget-container\">\n\t\t\t\t\t\t\t<div class=\"elementor-image-carousel-wrapper swiper\" role=\"region\" aria-roledescription=\"carousel\" aria-label=\"Bild Karussell\" dir=\"ltr\">\n\t\t\t<div class=\"elementor-image-carousel swiper-wrapper\" aria-live=\"off\">\n\t\t\t\t\t\t\t\t<div class=\"swiper-slide\" role=\"group\" aria-roledescription=\"slide\" aria-label=\"1 von 12\"><a data-elementor-open-lightbox=\"yes\" data-elementor-lightbox-slideshow=\"ff60e70\" data-elementor-lightbox-title=\"Cardio-Bereich.jpg\" data-elementor-lightbox-description=\"Cardio Bereich mit verschiedenen Ausdauerger\u00e4ten wie Laufband, Sitzfahrrad und Steppern.\" data-e-action-hash=\"#elementor-action%3Aaction%3Dlightbox%26settings%3DeyJpZCI6MjQ1LCJ1cmwiOiJodHRwczpcL1wvbWVpbi1zdHVkaW8uZGVcL3dwLWNvbnRlbnRcL3VwbG9hZHNcLzIwMjRcLzA2XC9JOTJBOTc0NC5qcGciLCJzbGlkZXNob3ciOiJmZjYwZTcwIn0%3D\" href=\"https:\/\/mein-studio.de\/wp-content\/uploads\/2024\/06\/I92A9744.jpg\"><figure class=\"swiper-slide-inner\"><img decoding=\"async\" class=\"swiper-slide-image\" src=\"https:\/\/mein-studio.de\/wp-content\/uploads\/2024\/06\/I92A9744-720x380.jpg\" alt=\"Cardio Bereich\" \/><\/figure><\/a><\/div><div class=\"swiper-slide\" role=\"group\" aria-roledescription=\"slide\" aria-label=\"2 von 12\"><a data-elementor-open-lightbox=\"yes\" data-elementor-lightbox-slideshow=\"ff60e70\" data-elementor-lightbox-title=\"Bauchmaschine.jpg\" data-elementor-lightbox-description=\"hier sieht man den Hersteller unserer Maschinen: Matrix auf der  Bauchmaschine im Vordergrund und weitere Maschinen im Hintergrund\" data-e-action-hash=\"#elementor-action%3Aaction%3Dlightbox%26settings%3DeyJpZCI6MjQ2LCJ1cmwiOiJodHRwczpcL1wvbWVpbi1zdHVkaW8uZGVcL3dwLWNvbnRlbnRcL3VwbG9hZHNcLzIwMjRcLzA2XC9JOTJBOTc0OC1zY2FsZWQuanBnIiwic2xpZGVzaG93IjoiZmY2MGU3MCJ9\" href=\"https:\/\/mein-studio.de\/wp-content\/uploads\/2024\/06\/I92A9748-scaled.jpg\"><figure class=\"swiper-slide-inner\"><img decoding=\"async\" class=\"swiper-slide-image\" src=\"https:\/\/mein-studio.de\/wp-content\/uploads\/2024\/06\/I92A9748-720x380.jpg\" alt=\"Bauchmaschine im Vordergrund und weitere Maschinen im Hintergrund\" \/><\/figure><\/a><\/div><div class=\"swiper-slide\" role=\"group\" aria-roledescription=\"slide\" aria-label=\"3 von 12\"><a data-elementor-open-lightbox=\"yes\" data-elementor-lightbox-slideshow=\"ff60e70\" data-elementor-lightbox-title=\"Freihantelbereich.jpg\" data-elementor-lightbox-description=\"weitl\u00e4ufiger Blick \u00fcber: Trizepsmaschine, doppelten Kabelturm und Freihantelbereich  \" data-e-action-hash=\"#elementor-action%3Aaction%3Dlightbox%26settings%3DeyJpZCI6MjQ3LCJ1cmwiOiJodHRwczpcL1wvbWVpbi1zdHVkaW8uZGVcL3dwLWNvbnRlbnRcL3VwbG9hZHNcLzIwMjRcLzA2XC9JOTJBOTc1Mi5qcGciLCJzbGlkZXNob3ciOiJmZjYwZTcwIn0%3D\" href=\"https:\/\/mein-studio.de\/wp-content\/uploads\/2024\/06\/I92A9752.jpg\"><figure class=\"swiper-slide-inner\"><img decoding=\"async\" class=\"swiper-slide-image\" src=\"https:\/\/mein-studio.de\/wp-content\/uploads\/2024\/06\/I92A9752-720x380.jpg\" alt=\"kleiner \u00dcberblick \u00fcber Ger\u00e4te und Freihantelbereich\" \/><\/figure><\/a><\/div><div class=\"swiper-slide\" role=\"group\" aria-roledescription=\"slide\" aria-label=\"4 von 12\"><a data-elementor-open-lightbox=\"yes\" data-elementor-lightbox-slideshow=\"ff60e70\" data-elementor-lightbox-title=\"Kurzhantel-Regal.jpg\" data-elementor-lightbox-description=\"Kurzhanteln aufgereiht auf einem Regal\" data-e-action-hash=\"#elementor-action%3Aaction%3Dlightbox%26settings%3DeyJpZCI6NDcsInVybCI6Imh0dHBzOlwvXC9tZWluLXN0dWRpby5kZVwvd3AtY29udGVudFwvdXBsb2Fkc1wvMjAyNFwvMDVcL0lNR18wOTYxLmpwZWciLCJzbGlkZXNob3ciOiJmZjYwZTcwIn0%3D\" href=\"https:\/\/mein-studio.de\/wp-content\/uploads\/2024\/05\/IMG_0961.jpeg\"><figure class=\"swiper-slide-inner\"><img decoding=\"async\" class=\"swiper-slide-image\" src=\"https:\/\/mein-studio.de\/wp-content\/uploads\/2024\/05\/IMG_0961-720x380.jpeg\" alt=\"Kurzhanteln aufgereiht auf einem Regal\" \/><\/figure><\/a><\/div><div class=\"swiper-slide\" role=\"group\" aria-roledescription=\"slide\" aria-label=\"5 von 12\"><a data-elementor-open-lightbox=\"yes\" data-elementor-lightbox-slideshow=\"ff60e70\" data-elementor-lightbox-title=\"Kurzhanteln_leicht.jpg\" data-elementor-lightbox-description=\"Nahaufnahme von leichten Kurzhanteln von 1kg-5kg auf einem Regal aufgereiht.\" data-e-action-hash=\"#elementor-action%3Aaction%3Dlightbox%26settings%3DeyJpZCI6NTU3LCJ1cmwiOiJodHRwczpcL1wvbWVpbi1zdHVkaW8uZGVcL3dwLWNvbnRlbnRcL3VwbG9hZHNcLzIwMjRcLzEwXC9JOTFBMjM4Mi1zY2FsZWQuanBnIiwic2xpZGVzaG93IjoiZmY2MGU3MCJ9\" href=\"https:\/\/mein-studio.de\/wp-content\/uploads\/2024\/10\/I91A2382-scaled.jpg\"><figure class=\"swiper-slide-inner\"><img decoding=\"async\" class=\"swiper-slide-image\" src=\"https:\/\/mein-studio.de\/wp-content\/uploads\/2024\/10\/I91A2382-720x380.jpg\" alt=\"Nahaufnahme von leichten Kurzhanteln\" \/><\/figure><\/a><\/div><div class=\"swiper-slide\" role=\"group\" aria-roledescription=\"slide\" aria-label=\"6 von 12\"><a data-elementor-open-lightbox=\"yes\" data-elementor-lightbox-slideshow=\"ff60e70\" data-elementor-lightbox-title=\"Ger\u00e4te_2.jpg\" data-elementor-lightbox-description=\"Ger\u00e4te wie Gluteusmaschine, Schulterpresse, Lastzug, Beinpresse und Ab-, Adduktor.\" data-e-action-hash=\"#elementor-action%3Aaction%3Dlightbox%26settings%3DeyJpZCI6NTU4LCJ1cmwiOiJodHRwczpcL1wvbWVpbi1zdHVkaW8uZGVcL3dwLWNvbnRlbnRcL3VwbG9hZHNcLzIwMjRcLzEwXC9JOTFBMjM4NS1zY2FsZWQuanBnIiwic2xpZGVzaG93IjoiZmY2MGU3MCJ9\" href=\"https:\/\/mein-studio.de\/wp-content\/uploads\/2024\/10\/I91A2385-scaled.jpg\"><figure class=\"swiper-slide-inner\"><img decoding=\"async\" class=\"swiper-slide-image\" src=\"https:\/\/mein-studio.de\/wp-content\/uploads\/2024\/10\/I91A2385-720x380.jpg\" alt=\"Ger\u00e4te wie Gluteusmaschine, Schulterpresse, Lastzug, Beinpresse und Ab-, Adduktor.\" \/><\/figure><\/a><\/div><div class=\"swiper-slide\" role=\"group\" aria-roledescription=\"slide\" aria-label=\"7 von 12\"><a data-elementor-open-lightbox=\"yes\" data-elementor-lightbox-slideshow=\"ff60e70\" data-elementor-lightbox-title=\"Ger\u00e4te_1.jpg\" data-elementor-lightbox-description=\"Ger\u00e4te wie Brustpresse, Beinstrecker, Beinbeuger, Ab-,Adduktor\" data-e-action-hash=\"#elementor-action%3Aaction%3Dlightbox%26settings%3DeyJpZCI6NTU2LCJ1cmwiOiJodHRwczpcL1wvbWVpbi1zdHVkaW8uZGVcL3dwLWNvbnRlbnRcL3VwbG9hZHNcLzIwMjRcLzEwXC9JOTFBMjM4MS1zY2FsZWQuanBnIiwic2xpZGVzaG93IjoiZmY2MGU3MCJ9\" href=\"https:\/\/mein-studio.de\/wp-content\/uploads\/2024\/10\/I91A2381-scaled.jpg\"><figure class=\"swiper-slide-inner\"><img decoding=\"async\" class=\"swiper-slide-image\" src=\"https:\/\/mein-studio.de\/wp-content\/uploads\/2024\/10\/I91A2381-720x380.jpg\" alt=\"Ger\u00e4te wie Brustpresse, Beinstrecker, Beinbeuger, Ab-,Adduktor\" \/><\/figure><\/a><\/div><div class=\"swiper-slide\" role=\"group\" aria-roledescription=\"slide\" aria-label=\"8 von 12\"><a data-elementor-open-lightbox=\"yes\" data-elementor-lightbox-slideshow=\"ff60e70\" data-elementor-lightbox-title=\"Maschinen_Gewichte.jpg\" data-elementor-lightbox-description=\"Nahaufnahme Gewichte einer Maschine\" data-e-action-hash=\"#elementor-action%3Aaction%3Dlightbox%26settings%3DeyJpZCI6NTYxLCJ1cmwiOiJodHRwczpcL1wvbWVpbi1zdHVkaW8uZGVcL3dwLWNvbnRlbnRcL3VwbG9hZHNcLzIwMjRcLzEwXC9JOTFBMjM5Ni1zY2FsZWQuanBnIiwic2xpZGVzaG93IjoiZmY2MGU3MCJ9\" href=\"https:\/\/mein-studio.de\/wp-content\/uploads\/2024\/10\/I91A2396-scaled.jpg\"><figure class=\"swiper-slide-inner\"><img decoding=\"async\" class=\"swiper-slide-image\" src=\"https:\/\/mein-studio.de\/wp-content\/uploads\/2024\/10\/I91A2396-720x380.jpg\" alt=\"Nahaufnahme Gewichte einer Maschine\" \/><\/figure><\/a><\/div><div class=\"swiper-slide\" role=\"group\" aria-roledescription=\"slide\" aria-label=\"9 von 12\"><a data-elementor-open-lightbox=\"yes\" data-elementor-lightbox-slideshow=\"ff60e70\" data-elementor-lightbox-title=\"Crossfitbereich.jpg\" data-elementor-lightbox-description=\"Crossfitbereich mit Boxsack, Langhantelstangen, Kettlebells, Medizinb\u00e4llen und weiteren Utensilien.\" data-e-action-hash=\"#elementor-action%3Aaction%3Dlightbox%26settings%3DeyJpZCI6MjQ4LCJ1cmwiOiJodHRwczpcL1wvbWVpbi1zdHVkaW8uZGVcL3dwLWNvbnRlbnRcL3VwbG9hZHNcLzIwMjRcLzA2XC9JOTJBOTc4Mi5qcGciLCJzbGlkZXNob3ciOiJmZjYwZTcwIn0%3D\" href=\"https:\/\/mein-studio.de\/wp-content\/uploads\/2024\/06\/I92A9782.jpg\"><figure class=\"swiper-slide-inner\"><img decoding=\"async\" class=\"swiper-slide-image\" src=\"https:\/\/mein-studio.de\/wp-content\/uploads\/2024\/06\/I92A9782-720x380.jpg\" alt=\"\u00dcberblick \u00fcber Crossfitbereich\" \/><\/figure><\/a><\/div><div class=\"swiper-slide\" role=\"group\" aria-roledescription=\"slide\" aria-label=\"10 von 12\"><a data-elementor-open-lightbox=\"yes\" data-elementor-lightbox-slideshow=\"ff60e70\" data-elementor-lightbox-title=\"Blick-von-hinten.jpg\" data-elementor-lightbox-description=\"der Blick aus dem Crossfitbereich nach vorne zu den Ger\u00e4ten und zum Eingangsbereich zeigt weitere Ger\u00e4te wie: die Multipresse, Bauchmaschine, Hip thrust Maschine und viele mehr.\" data-e-action-hash=\"#elementor-action%3Aaction%3Dlightbox%26settings%3DeyJpZCI6MjQ5LCJ1cmwiOiJodHRwczpcL1wvbWVpbi1zdHVkaW8uZGVcL3dwLWNvbnRlbnRcL3VwbG9hZHNcLzIwMjRcLzA2XC9JOTJBOTc5Ny5qcGciLCJzbGlkZXNob3ciOiJmZjYwZTcwIn0%3D\" href=\"https:\/\/mein-studio.de\/wp-content\/uploads\/2024\/06\/I92A9797.jpg\"><figure class=\"swiper-slide-inner\"><img decoding=\"async\" class=\"swiper-slide-image\" src=\"https:\/\/mein-studio.de\/wp-content\/uploads\/2024\/06\/I92A9797-720x380.jpg\" alt=\"\u00dcberblick von dem Crossfitbereich zu den Ger\u00e4ten\" \/><\/figure><\/a><\/div><div class=\"swiper-slide\" role=\"group\" aria-roledescription=\"slide\" aria-label=\"11 von 12\"><a data-elementor-open-lightbox=\"yes\" data-elementor-lightbox-slideshow=\"ff60e70\" data-elementor-lightbox-title=\"Box.jpg\" data-e-action-hash=\"#elementor-action%3Aaction%3Dlightbox%26settings%3DeyJpZCI6NzI5LCJ1cmwiOiJodHRwczpcL1wvbWVpbi1zdHVkaW8uZGVcL3dwLWNvbnRlbnRcL3VwbG9hZHNcLzIwMjRcLzEwXC9QSUNUMDE1Mi0yLXNjYWxlZC5qcGciLCJzbGlkZXNob3ciOiJmZjYwZTcwIn0%3D\" href=\"https:\/\/mein-studio.de\/wp-content\/uploads\/2024\/10\/PICT0152-2-scaled.jpg\"><figure class=\"swiper-slide-inner\"><img decoding=\"async\" class=\"swiper-slide-image\" src=\"https:\/\/mein-studio.de\/wp-content\/uploads\/2024\/10\/PICT0152-2-720x380.jpg\" alt=\"Functional Fitness Box\" \/><\/figure><\/a><\/div><div class=\"swiper-slide\" role=\"group\" aria-roledescription=\"slide\" aria-label=\"12 von 12\"><a data-elementor-open-lightbox=\"yes\" data-elementor-lightbox-slideshow=\"ff60e70\" data-elementor-lightbox-title=\"Kettlebells-Medizinb\u00e4lle.jpg\" data-elementor-lightbox-description=\"Ein kleiner Teil aus dem Crossfitbereich der Kettlebells und Medizinb\u00e4lle \" data-e-action-hash=\"#elementor-action%3Aaction%3Dlightbox%26settings%3DeyJpZCI6MTMwLCJ1cmwiOiJodHRwczpcL1wvbWVpbi1zdHVkaW8uZGVcL3dwLWNvbnRlbnRcL3VwbG9hZHNcLzIwMjRcLzA2XC9JOTJBOTc2OS5qcGciLCJzbGlkZXNob3ciOiJmZjYwZTcwIn0%3D\" href=\"https:\/\/mein-studio.de\/wp-content\/uploads\/2024\/06\/I92A9769.jpg\"><figure class=\"swiper-slide-inner\"><img decoding=\"async\" class=\"swiper-slide-image\" src=\"https:\/\/mein-studio.de\/wp-content\/uploads\/2024\/06\/I92A9769-720x380.jpg\" alt=\"Kettlebells und Medizinb\u00e4lle\" \/><\/figure><\/a><\/div>\t\t\t<\/div>\n\t\t\t\t\t\t\t\t\t\t\t\t<div class=\"elementor-swiper-button elementor-swiper-button-prev\" role=\"button\" tabindex=\"0\">\n\t\t\t\t\t\t<svg aria-hidden=\"true\" class=\"e-font-icon-svg e-eicon-chevron-left\" viewBox=\"0 0 1000 1000\" xmlns=\"http:\/\/www.w3.org\/2000\/svg\"><path d=\"M646 125C629 125 613 133 604 142L308 442C296 454 292 471 292 487 292 504 296 521 308 533L604 854C617 867 629 875 646 875 663 875 679 871 692 858 704 846 713 829 713 812 713 796 708 779 692 767L438 487 692 225C700 217 708 204 708 187 708 171 704 154 692 142 675 129 663 125 646 125Z\"><\/path><\/svg>\t\t\t\t\t<\/div>\n\t\t\t\t\t<div class=\"elementor-swiper-button elementor-swiper-button-next\" role=\"button\" tabindex=\"0\">\n\t\t\t\t\t\t<svg aria-hidden=\"true\" class=\"e-font-icon-svg e-eicon-chevron-right\" viewBox=\"0 0 1000 1000\" xmlns=\"http:\/\/www.w3.org\/2000\/svg\"><path d=\"M696 533C708 521 713 504 713 487 713 471 708 454 696 446L400 146C388 133 375 125 354 125 338 125 325 129 313 142 300 154 292 171 292 187 292 204 296 221 308 233L563 492 304 771C292 783 288 800 288 817 288 833 296 850 308 863 321 871 338 875 354 875 371 875 388 867 400 854L696 533Z\"><\/path><\/svg>\t\t\t\t\t<\/div>\n\t\t\t\t\n\t\t\t\t\t\t\t\t\t<div class=\"swiper-pagination\"><\/div>\n\t\t\t\t\t\t\t\t\t<\/div>\n\t\t\t\t\t\t<\/div>\n\t\t\t\t<\/div>\n\t\t\t\t\t<\/div>\n\t\t\t\t<\/div>\n\t\t\t\t<\/div>\n\t\t","protected":false},"excerpt":{"rendered":"<p>Willkommen auf unserer Trainingsfl\u00e4che Erlebe Fitness auf h\u00f6chstem Niveau auf unserer vielseitigen Trainingsfl\u00e4che! Ob Jung oder Alt, Anf\u00e4nger oder Profi \u2013 bei uns findest du die perfekten Ger\u00e4te f\u00fcr jede Muskelgruppe. Nutze unseren umfassenden Maschinenpark, den gut ausgestatteten Freihantelbereich, den dynamischen Crossfitbereich und zwei ger\u00e4umige Gymnastikr\u00e4ume. Starte dein Training bei uns und erreiche deine Ziele [&hellip;]<\/p>\n","protected":false},"author":1,"featured_media":0,"parent":0,"menu_order":0,"comment_status":"closed","ping_status":"closed","template":"","meta":{"footnotes":""},"class_list":["post-22","page","type-page","status-publish","hentry","post"],"yoast_head":"<!-- This site is optimized with the Yoast SEO plugin v27.5 - https:\/\/yoast.com\/product\/yoast-seo-wordpress\/ -->\n<title>Trainingsfl\u00e4che - Mein Fitness &amp; Wellness Studio<\/title>\n<meta name=\"description\" content=\"Erlebe Fitness auf unserer Trainingsfl\u00e4che mit Maschinen f\u00fcr jede Muskelgruppe, Freihantelbereich, Crossfitbereich und zwei Gymnastikr\u00e4umen.\" \/>\n<meta name=\"robots\" content=\"index, follow, max-snippet:-1, max-image-preview:large, max-video-preview:-1\" \/>\n<link rel=\"canonical\" href=\"https:\/\/mein-studio.de\/?page_id=22\" \/>\n<meta property=\"og:locale\" content=\"de_DE\" \/>\n<meta property=\"og:type\" content=\"article\" \/>\n<meta property=\"og:title\" content=\"Trainingsfl\u00e4che - Mein Fitness &amp; Wellness Studio\" \/>\n<meta property=\"og:description\" content=\"Erlebe Fitness auf unserer Trainingsfl\u00e4che mit Maschinen f\u00fcr jede Muskelgruppe, Freihantelbereich, Crossfitbereich und zwei Gymnastikr\u00e4umen.\" \/>\n<meta property=\"og:url\" content=\"https:\/\/mein-studio.de\/?page_id=22\" \/>\n<meta property=\"og:site_name\" content=\"Mein Fitness &amp; Wellness Studio\" \/>\n<meta property=\"article:modified_time\" content=\"2024-10-07T19:09:19+00:00\" \/>\n<meta property=\"og:image\" content=\"http:\/\/mein-studio.de\/wp-content\/uploads\/2024\/06\/Trainingsflaeche.jpg\" \/>\n<meta name=\"twitter:card\" content=\"summary_large_image\" \/>\n<meta name=\"twitter:label1\" content=\"Gesch\u00e4tzte Lesezeit\" \/>\n\t<meta name=\"twitter:data1\" content=\"5\u00a0Minuten\" \/>\n<script type=\"application\/ld+json\" class=\"yoast-schema-graph\">{\"@context\":\"https:\\\/\\\/schema.org\",\"@graph\":[{\"@type\":\"WebPage\",\"@id\":\"https:\\\/\\\/mein-studio.de\\\/?page_id=22\",\"url\":\"https:\\\/\\\/mein-studio.de\\\/?page_id=22\",\"name\":\"Trainingsfl\u00e4che - Mein Fitness &amp; Wellness Studio\",\"isPartOf\":{\"@id\":\"https:\\\/\\\/mein-studio.de\\\/#website\"},\"primaryImageOfPage\":{\"@id\":\"https:\\\/\\\/mein-studio.de\\\/?page_id=22#primaryimage\"},\"image\":{\"@id\":\"https:\\\/\\\/mein-studio.de\\\/?page_id=22#primaryimage\"},\"thumbnailUrl\":\"http:\\\/\\\/mein-studio.de\\\/wp-content\\\/uploads\\\/2024\\\/06\\\/Trainingsflaeche.jpg\",\"datePublished\":\"2024-05-24T10:22:42+00:00\",\"dateModified\":\"2024-10-07T19:09:19+00:00\",\"description\":\"Erlebe Fitness auf unserer Trainingsfl\u00e4che mit Maschinen f\u00fcr jede Muskelgruppe, Freihantelbereich, Crossfitbereich und zwei Gymnastikr\u00e4umen.\",\"breadcrumb\":{\"@id\":\"https:\\\/\\\/mein-studio.de\\\/?page_id=22#breadcrumb\"},\"inLanguage\":\"de\",\"potentialAction\":[{\"@type\":\"ReadAction\",\"target\":[\"https:\\\/\\\/mein-studio.de\\\/?page_id=22\"]}]},{\"@type\":\"ImageObject\",\"inLanguage\":\"de\",\"@id\":\"https:\\\/\\\/mein-studio.de\\\/?page_id=22#primaryimage\",\"url\":\"https:\\\/\\\/mein-studio.de\\\/wp-content\\\/uploads\\\/2024\\\/06\\\/Trainingsflaeche.jpg\",\"contentUrl\":\"https:\\\/\\\/mein-studio.de\\\/wp-content\\\/uploads\\\/2024\\\/06\\\/Trainingsflaeche.jpg\",\"width\":1920,\"height\":522,\"caption\":\"Kettlebells aufgereiht auf einem Regal mit Aufschrift: Trainingsfl\u00e4che: \u00a9 2024 by Sina Spanheimer\"},{\"@type\":\"BreadcrumbList\",\"@id\":\"https:\\\/\\\/mein-studio.de\\\/?page_id=22#breadcrumb\",\"itemListElement\":[{\"@type\":\"ListItem\",\"position\":1,\"name\":\"Startseite\",\"item\":\"https:\\\/\\\/mein-studio.de\\\/\"},{\"@type\":\"ListItem\",\"position\":2,\"name\":\"Trainingsfl\u00e4che\"}]},{\"@type\":\"WebSite\",\"@id\":\"https:\\\/\\\/mein-studio.de\\\/#website\",\"url\":\"https:\\\/\\\/mein-studio.de\\\/\",\"name\":\"Mein Fitness &amp; Wellness Studio\",\"description\":\"\",\"publisher\":{\"@id\":\"https:\\\/\\\/mein-studio.de\\\/#organization\"},\"potentialAction\":[{\"@type\":\"SearchAction\",\"target\":{\"@type\":\"EntryPoint\",\"urlTemplate\":\"https:\\\/\\\/mein-studio.de\\\/?s={search_term_string}\"},\"query-input\":{\"@type\":\"PropertyValueSpecification\",\"valueRequired\":true,\"valueName\":\"search_term_string\"}}],\"inLanguage\":\"de\"},{\"@type\":\"Organization\",\"@id\":\"https:\\\/\\\/mein-studio.de\\\/#organization\",\"name\":\"Mein Fitness &amp; Wellness Studio\",\"url\":\"https:\\\/\\\/mein-studio.de\\\/\",\"logo\":{\"@type\":\"ImageObject\",\"inLanguage\":\"de\",\"@id\":\"https:\\\/\\\/mein-studio.de\\\/#\\\/schema\\\/logo\\\/image\\\/\",\"url\":\"https:\\\/\\\/mein-studio.de\\\/wp-content\\\/uploads\\\/2024\\\/05\\\/IMG_0971-1.jpeg\",\"contentUrl\":\"https:\\\/\\\/mein-studio.de\\\/wp-content\\\/uploads\\\/2024\\\/05\\\/IMG_0971-1.jpeg\",\"width\":1941,\"height\":779,\"caption\":\"Mein Fitness &amp; Wellness Studio\"},\"image\":{\"@id\":\"https:\\\/\\\/mein-studio.de\\\/#\\\/schema\\\/logo\\\/image\\\/\"}}]}<\/script>\n<!-- \/ Yoast SEO plugin. -->","yoast_head_json":{"title":"Trainingsfl\u00e4che - Mein Fitness &amp; Wellness Studio","description":"Erlebe Fitness auf unserer Trainingsfl\u00e4che mit Maschinen f\u00fcr jede Muskelgruppe, Freihantelbereich, Crossfitbereich und zwei Gymnastikr\u00e4umen.","robots":{"index":"index","follow":"follow","max-snippet":"max-snippet:-1","max-image-preview":"max-image-preview:large","max-video-preview":"max-video-preview:-1"},"canonical":"https:\/\/mein-studio.de\/?page_id=22","og_locale":"de_DE","og_type":"article","og_title":"Trainingsfl\u00e4che - Mein Fitness &amp; Wellness Studio","og_description":"Erlebe Fitness auf unserer Trainingsfl\u00e4che mit Maschinen f\u00fcr jede Muskelgruppe, Freihantelbereich, Crossfitbereich und zwei Gymnastikr\u00e4umen.","og_url":"https:\/\/mein-studio.de\/?page_id=22","og_site_name":"Mein Fitness &amp; Wellness Studio","article_modified_time":"2024-10-07T19:09:19+00:00","og_image":[{"url":"http:\/\/mein-studio.de\/wp-content\/uploads\/2024\/06\/Trainingsflaeche.jpg","type":"","width":"","height":""}],"twitter_card":"summary_large_image","twitter_misc":{"Gesch\u00e4tzte Lesezeit":"5\u00a0Minuten"},"schema":{"@context":"https:\/\/schema.org","@graph":[{"@type":"WebPage","@id":"https:\/\/mein-studio.de\/?page_id=22","url":"https:\/\/mein-studio.de\/?page_id=22","name":"Trainingsfl\u00e4che - Mein Fitness &amp; Wellness Studio","isPartOf":{"@id":"https:\/\/mein-studio.de\/#website"},"primaryImageOfPage":{"@id":"https:\/\/mein-studio.de\/?page_id=22#primaryimage"},"image":{"@id":"https:\/\/mein-studio.de\/?page_id=22#primaryimage"},"thumbnailUrl":"http:\/\/mein-studio.de\/wp-content\/uploads\/2024\/06\/Trainingsflaeche.jpg","datePublished":"2024-05-24T10:22:42+00:00","dateModified":"2024-10-07T19:09:19+00:00","description":"Erlebe Fitness auf unserer Trainingsfl\u00e4che mit Maschinen f\u00fcr jede Muskelgruppe, Freihantelbereich, Crossfitbereich und zwei Gymnastikr\u00e4umen.","breadcrumb":{"@id":"https:\/\/mein-studio.de\/?page_id=22#breadcrumb"},"inLanguage":"de","potentialAction":[{"@type":"ReadAction","target":["https:\/\/mein-studio.de\/?page_id=22"]}]},{"@type":"ImageObject","inLanguage":"de","@id":"https:\/\/mein-studio.de\/?page_id=22#primaryimage","url":"https:\/\/mein-studio.de\/wp-content\/uploads\/2024\/06\/Trainingsflaeche.jpg","contentUrl":"https:\/\/mein-studio.de\/wp-content\/uploads\/2024\/06\/Trainingsflaeche.jpg","width":1920,"height":522,"caption":"Kettlebells aufgereiht auf einem Regal mit Aufschrift: Trainingsfl\u00e4che: \u00a9 2024 by Sina Spanheimer"},{"@type":"BreadcrumbList","@id":"https:\/\/mein-studio.de\/?page_id=22#breadcrumb","itemListElement":[{"@type":"ListItem","position":1,"name":"Startseite","item":"https:\/\/mein-studio.de\/"},{"@type":"ListItem","position":2,"name":"Trainingsfl\u00e4che"}]},{"@type":"WebSite","@id":"https:\/\/mein-studio.de\/#website","url":"https:\/\/mein-studio.de\/","name":"Mein Fitness &amp; Wellness Studio","description":"","publisher":{"@id":"https:\/\/mein-studio.de\/#organization"},"potentialAction":[{"@type":"SearchAction","target":{"@type":"EntryPoint","urlTemplate":"https:\/\/mein-studio.de\/?s={search_term_string}"},"query-input":{"@type":"PropertyValueSpecification","valueRequired":true,"valueName":"search_term_string"}}],"inLanguage":"de"},{"@type":"Organization","@id":"https:\/\/mein-studio.de\/#organization","name":"Mein Fitness &amp; Wellness Studio","url":"https:\/\/mein-studio.de\/","logo":{"@type":"ImageObject","inLanguage":"de","@id":"https:\/\/mein-studio.de\/#\/schema\/logo\/image\/","url":"https:\/\/mein-studio.de\/wp-content\/uploads\/2024\/05\/IMG_0971-1.jpeg","contentUrl":"https:\/\/mein-studio.de\/wp-content\/uploads\/2024\/05\/IMG_0971-1.jpeg","width":1941,"height":779,"caption":"Mein Fitness &amp; Wellness Studio"},"image":{"@id":"https:\/\/mein-studio.de\/#\/schema\/logo\/image\/"}}]}},"_links":{"self":[{"href":"https:\/\/mein-studio.de\/index.php?rest_route=\/wp\/v2\/pages\/22","targetHints":{"allow":["GET"]}}],"collection":[{"href":"https:\/\/mein-studio.de\/index.php?rest_route=\/wp\/v2\/pages"}],"about":[{"href":"https:\/\/mein-studio.de\/index.php?rest_route=\/wp\/v2\/types\/page"}],"author":[{"embeddable":true,"href":"https:\/\/mein-studio.de\/index.php?rest_route=\/wp\/v2\/users\/1"}],"replies":[{"embeddable":true,"href":"https:\/\/mein-studio.de\/index.php?rest_route=%2Fwp%2Fv2%2Fcomments&post=22"}],"version-history":[{"count":37,"href":"https:\/\/mein-studio.de\/index.php?rest_route=\/wp\/v2\/pages\/22\/revisions"}],"predecessor-version":[{"id":732,"href":"https:\/\/mein-studio.de\/index.php?rest_route=\/wp\/v2\/pages\/22\/revisions\/732"}],"wp:attachment":[{"href":"https:\/\/mein-studio.de\/index.php?rest_route=%2Fwp%2Fv2%2Fmedia&parent=22"}],"curies":[{"name":"wp","href":"https:\/\/api.w.org\/{rel}","templated":true}]}}