{"id":20,"date":"2024-05-24T10:22:30","date_gmt":"2024-05-24T10:22:30","guid":{"rendered":"http:\/\/mein-studio.de\/?page_id=20"},"modified":"2024-10-11T15:14:55","modified_gmt":"2024-10-11T15:14:55","slug":"saunabereich","status":"publish","type":"page","link":"https:\/\/mein-studio.de\/?page_id=20","title":{"rendered":"Saunabereich"},"content":{"rendered":"\t\t<div data-elementor-type=\"wp-page\" data-elementor-id=\"20\" class=\"elementor elementor-20\">\n\t\t\t\t<div class=\"elementor-element elementor-element-f2acc93 e-flex e-con-boxed e-con e-parent\" data-id=\"f2acc93\" data-element_type=\"container\" data-e-type=\"container\">\n\t\t\t\t\t<div class=\"e-con-inner\">\n\t\t\t\t<div class=\"elementor-element elementor-element-f11da8f elementor-widget elementor-widget-image\" data-id=\"f11da8f\" data-element_type=\"widget\" data-e-type=\"widget\" data-widget_type=\"image.default\">\n\t\t\t\t<div class=\"elementor-widget-container\">\n\t\t\t\t\t\t\t\t\t\t\t\t\t\t\t<img decoding=\"async\" src=\"https:\/\/mein-studio.de\/wp-content\/uploads\/2024\/06\/Saunabereich.jpg\" title=\"Saunabereich.jpg\" alt=\"Kettlebells aufgereiht auf einem Regal mit Aufschrift: Saunabereich\" loading=\"lazy\" \/>\t\t\t\t\t\t\t\t\t\t\t\t\t\t\t<\/div>\n\t\t\t\t<\/div>\n\t\t\t\t\t<\/div>\n\t\t\t\t<\/div>\n\t\t<div class=\"elementor-element elementor-element-723d7de e-flex e-con-boxed e-con e-parent\" data-id=\"723d7de\" data-element_type=\"container\" data-e-type=\"container\">\n\t\t\t\t\t<div class=\"e-con-inner\">\n\t\t\t\t<div class=\"elementor-element elementor-element-8536663 elementor-widget__width-initial elementor-widget elementor-widget-text-editor\" data-id=\"8536663\" data-element_type=\"widget\" data-e-type=\"widget\" data-widget_type=\"text-editor.default\">\n\t\t\t\t<div class=\"elementor-widget-container\">\n\t\t\t\t\t\t\t\t\t<p><strong>Willkommen im Saunabereich!<\/strong><\/p><p>Entspannen und Wohlf\u00fchlen im Saunabereich! Genie\u00dfe die wohltuende W\u00e4rme unserer Sauna, die tief entspannende Wirkung der Rotlichtkabine und die belebende Frische unserer Duschen. Erhole dich in unserem gem\u00fctlichen Innenruhebereich oder atme die frische Luft im idyllischen Au\u00dfenruhebereich. Bei uns findest du alles, was du f\u00fcr eine perfekte Auszeit brauchst. G\u00f6nn dir diesen Luxus und lass den Alltag hinter dir!<\/p>\t\t\t\t\t\t\t\t<\/div>\n\t\t\t\t<\/div>\n\t\t\t\t\t<\/div>\n\t\t\t\t<\/div>\n\t\t<div class=\"elementor-element elementor-element-37f9e8b e-flex e-con-boxed e-con e-parent\" data-id=\"37f9e8b\" data-element_type=\"container\" data-e-type=\"container\">\n\t\t\t\t\t<div class=\"e-con-inner\">\n\t\t\t\t<div class=\"elementor-element elementor-element-83a1c4c elementor-arrows-position-inside elementor-pagination-position-outside elementor-widget elementor-widget-image-carousel\" data-id=\"83a1c4c\" data-element_type=\"widget\" data-e-type=\"widget\" data-settings=\"{&quot;slides_to_show&quot;:&quot;3&quot;,&quot;autoplay_speed&quot;:2000,&quot;speed&quot;:1000,&quot;navigation&quot;:&quot;both&quot;,&quot;autoplay&quot;:&quot;yes&quot;,&quot;pause_on_hover&quot;:&quot;yes&quot;,&quot;pause_on_interaction&quot;:&quot;yes&quot;,&quot;infinite&quot;:&quot;yes&quot;}\" data-widget_type=\"image-carousel.default\">\n\t\t\t\t<div class=\"elementor-widget-container\">\n\t\t\t\t\t\t\t<div class=\"elementor-image-carousel-wrapper swiper\" role=\"region\" aria-roledescription=\"carousel\" aria-label=\"Bild Karussell\" dir=\"ltr\">\n\t\t\t<div class=\"elementor-image-carousel swiper-wrapper\" aria-live=\"off\">\n\t\t\t\t\t\t\t\t<div class=\"swiper-slide\" role=\"group\" aria-roledescription=\"slide\" aria-label=\"1 von 5\"><a data-elementor-open-lightbox=\"yes\" data-elementor-lightbox-slideshow=\"83a1c4c\" data-elementor-lightbox-title=\"Eingang_Sauna.jpg\" data-e-action-hash=\"#elementor-action%3Aaction%3Dlightbox%26settings%3DeyJpZCI6NzI0LCJ1cmwiOiJodHRwczpcL1wvbWVpbi1zdHVkaW8uZGVcL3dwLWNvbnRlbnRcL3VwbG9hZHNcLzIwMjRcLzEwXC9QSUNUMDA4NC0yLXNjYWxlZC5qcGciLCJzbGlkZXNob3ciOiI4M2ExYzRjIn0%3D\" href=\"https:\/\/mein-studio.de\/wp-content\/uploads\/2024\/10\/PICT0084-2-scaled.jpg\"><figure class=\"swiper-slide-inner\"><img decoding=\"async\" class=\"swiper-slide-image\" src=\"https:\/\/mein-studio.de\/wp-content\/uploads\/2024\/10\/PICT0084-2-720x380.jpg\" alt=\"Eingang der Sauna\" \/><\/figure><\/a><\/div><div class=\"swiper-slide\" role=\"group\" aria-roledescription=\"slide\" aria-label=\"2 von 5\"><a data-elementor-open-lightbox=\"yes\" data-elementor-lightbox-slideshow=\"83a1c4c\" data-elementor-lightbox-title=\"Sauna.jpg\" data-e-action-hash=\"#elementor-action%3Aaction%3Dlightbox%26settings%3DeyJpZCI6NzI1LCJ1cmwiOiJodHRwczpcL1wvbWVpbi1zdHVkaW8uZGVcL3dwLWNvbnRlbnRcL3VwbG9hZHNcLzIwMjRcLzEwXC9QSUNUMDA5Mi0yLXNjYWxlZC5qcGciLCJzbGlkZXNob3ciOiI4M2ExYzRjIn0%3D\" href=\"https:\/\/mein-studio.de\/wp-content\/uploads\/2024\/10\/PICT0092-2-scaled.jpg\"><figure class=\"swiper-slide-inner\"><img decoding=\"async\" class=\"swiper-slide-image\" src=\"https:\/\/mein-studio.de\/wp-content\/uploads\/2024\/10\/PICT0092-2-720x380.jpg\" alt=\"Innenbereich der Sauna\" \/><\/figure><\/a><\/div><div class=\"swiper-slide\" role=\"group\" aria-roledescription=\"slide\" aria-label=\"3 von 5\"><a data-elementor-open-lightbox=\"yes\" data-elementor-lightbox-slideshow=\"83a1c4c\" data-elementor-lightbox-title=\"Infrarotkabine.jpg\" data-e-action-hash=\"#elementor-action%3Aaction%3Dlightbox%26settings%3DeyJpZCI6NzI2LCJ1cmwiOiJodHRwczpcL1wvbWVpbi1zdHVkaW8uZGVcL3dwLWNvbnRlbnRcL3VwbG9hZHNcLzIwMjRcLzEwXC9QSUNUMDEwOS0yLXNjYWxlZC5qcGciLCJzbGlkZXNob3ciOiI4M2ExYzRjIn0%3D\" href=\"https:\/\/mein-studio.de\/wp-content\/uploads\/2024\/10\/PICT0109-2-scaled.jpg\"><figure class=\"swiper-slide-inner\"><img decoding=\"async\" class=\"swiper-slide-image\" src=\"https:\/\/mein-studio.de\/wp-content\/uploads\/2024\/10\/PICT0109-2-720x380.jpg\" alt=\"Infrarotkabine\" \/><\/figure><\/a><\/div><div class=\"swiper-slide\" role=\"group\" aria-roledescription=\"slide\" aria-label=\"4 von 5\"><a data-elementor-open-lightbox=\"yes\" data-elementor-lightbox-slideshow=\"83a1c4c\" data-elementor-lightbox-title=\"Ruhebereich_innen.jpg\" data-e-action-hash=\"#elementor-action%3Aaction%3Dlightbox%26settings%3DeyJpZCI6NzI3LCJ1cmwiOiJodHRwczpcL1wvbWVpbi1zdHVkaW8uZGVcL3dwLWNvbnRlbnRcL3VwbG9hZHNcLzIwMjRcLzEwXC9QSUNUMDA3MS0yLXNjYWxlZC5qcGciLCJzbGlkZXNob3ciOiI4M2ExYzRjIn0%3D\" href=\"https:\/\/mein-studio.de\/wp-content\/uploads\/2024\/10\/PICT0071-2-scaled.jpg\"><figure class=\"swiper-slide-inner\"><img decoding=\"async\" class=\"swiper-slide-image\" src=\"https:\/\/mein-studio.de\/wp-content\/uploads\/2024\/10\/PICT0071-2-720x380.jpg\" alt=\"Ruhebereich innen\" \/><\/figure><\/a><\/div><div class=\"swiper-slide\" role=\"group\" aria-roledescription=\"slide\" aria-label=\"5 von 5\"><a data-elementor-open-lightbox=\"yes\" data-elementor-lightbox-slideshow=\"83a1c4c\" data-elementor-lightbox-title=\"Au\u00dfen-Ruhebereich.jpg\" data-e-action-hash=\"#elementor-action%3Aaction%3Dlightbox%26settings%3DeyJpZCI6MjUzLCJ1cmwiOiJodHRwczpcL1wvbWVpbi1zdHVkaW8uZGVcL3dwLWNvbnRlbnRcL3VwbG9hZHNcLzIwMjRcLzA2XC9JOTJBOTg1Ni1zY2FsZWQuanBnIiwic2xpZGVzaG93IjoiODNhMWM0YyJ9\" href=\"https:\/\/mein-studio.de\/wp-content\/uploads\/2024\/06\/I92A9856-scaled.jpg\"><figure class=\"swiper-slide-inner\"><img decoding=\"async\" class=\"swiper-slide-image\" src=\"https:\/\/mein-studio.de\/wp-content\/uploads\/2024\/06\/I92A9856-720x380.jpg\" alt=\"Au\u00dfen Ruhebereich mit Sonnenliegen und Bambus\" \/><\/figure><\/a><\/div>\t\t\t<\/div>\n\t\t\t\t\t\t\t\t\t\t\t\t<div class=\"elementor-swiper-button elementor-swiper-button-prev\" role=\"button\" tabindex=\"0\">\n\t\t\t\t\t\t<svg aria-hidden=\"true\" class=\"e-font-icon-svg e-eicon-chevron-left\" viewBox=\"0 0 1000 1000\" xmlns=\"http:\/\/www.w3.org\/2000\/svg\"><path d=\"M646 125C629 125 613 133 604 142L308 442C296 454 292 471 292 487 292 504 296 521 308 533L604 854C617 867 629 875 646 875 663 875 679 871 692 858 704 846 713 829 713 812 713 796 708 779 692 767L438 487 692 225C700 217 708 204 708 187 708 171 704 154 692 142 675 129 663 125 646 125Z\"><\/path><\/svg>\t\t\t\t\t<\/div>\n\t\t\t\t\t<div class=\"elementor-swiper-button elementor-swiper-button-next\" role=\"button\" tabindex=\"0\">\n\t\t\t\t\t\t<svg aria-hidden=\"true\" class=\"e-font-icon-svg e-eicon-chevron-right\" viewBox=\"0 0 1000 1000\" xmlns=\"http:\/\/www.w3.org\/2000\/svg\"><path d=\"M696 533C708 521 713 504 713 487 713 471 708 454 696 446L400 146C388 133 375 125 354 125 338 125 325 129 313 142 300 154 292 171 292 187 292 204 296 221 308 233L563 492 304 771C292 783 288 800 288 817 288 833 296 850 308 863 321 871 338 875 354 875 371 875 388 867 400 854L696 533Z\"><\/path><\/svg>\t\t\t\t\t<\/div>\n\t\t\t\t\n\t\t\t\t\t\t\t\t\t<div class=\"swiper-pagination\"><\/div>\n\t\t\t\t\t\t\t\t\t<\/div>\n\t\t\t\t\t\t<\/div>\n\t\t\t\t<\/div>\n\t\t\t\t\t<\/div>\n\t\t\t\t<\/div>\n\t\t\t\t<\/div>\n\t\t","protected":false},"excerpt":{"rendered":"<p>Willkommen im Saunabereich! Entspannen und Wohlf\u00fchlen im Saunabereich! Genie\u00dfe die wohltuende W\u00e4rme unserer Sauna, die tief entspannende Wirkung der Rotlichtkabine und die belebende Frische unserer Duschen. Erhole dich in unserem gem\u00fctlichen Innenruhebereich oder atme die frische Luft im idyllischen Au\u00dfenruhebereich. Bei uns findest du alles, was du f\u00fcr eine perfekte Auszeit brauchst. G\u00f6nn dir diesen [&hellip;]<\/p>\n","protected":false},"author":1,"featured_media":0,"parent":0,"menu_order":0,"comment_status":"closed","ping_status":"closed","template":"","meta":{"footnotes":""},"class_list":["post-20","page","type-page","status-publish","hentry","post"],"yoast_head":"<!-- This site is optimized with the Yoast SEO plugin v27.5 - https:\/\/yoast.com\/product\/yoast-seo-wordpress\/ -->\n<title>Saunabereich - Mein Fitness &amp; Wellness Studio<\/title>\n<meta name=\"description\" content=\"G\u00f6nn dir eine Auszeit vom Alltag und erhole dich in unserem Saunabereich mit Innen- und Au\u00dfenruhebereich, Rotlichtkabine und Duschen.\" \/>\n<meta name=\"robots\" content=\"index, follow, max-snippet:-1, max-image-preview:large, max-video-preview:-1\" \/>\n<link rel=\"canonical\" href=\"https:\/\/mein-studio.de\/?page_id=20\" \/>\n<meta property=\"og:locale\" content=\"de_DE\" \/>\n<meta property=\"og:type\" content=\"article\" \/>\n<meta property=\"og:title\" content=\"Saunabereich - Mein Fitness &amp; Wellness Studio\" \/>\n<meta property=\"og:description\" content=\"G\u00f6nn dir eine Auszeit vom Alltag und erhole dich in unserem Saunabereich mit Innen- und Au\u00dfenruhebereich, Rotlichtkabine und Duschen.\" \/>\n<meta property=\"og:url\" content=\"https:\/\/mein-studio.de\/?page_id=20\" \/>\n<meta property=\"og:site_name\" content=\"Mein Fitness &amp; Wellness Studio\" \/>\n<meta property=\"article:modified_time\" content=\"2024-10-11T15:14:55+00:00\" \/>\n<meta property=\"og:image\" content=\"http:\/\/mein-studio.de\/wp-content\/uploads\/2024\/06\/Saunabereich.jpg\" \/>\n<meta name=\"twitter:card\" content=\"summary_large_image\" \/>\n<meta name=\"twitter:label1\" content=\"Gesch\u00e4tzte Lesezeit\" \/>\n\t<meta name=\"twitter:data1\" content=\"3\u00a0Minuten\" \/>\n<script type=\"application\/ld+json\" class=\"yoast-schema-graph\">{\"@context\":\"https:\\\/\\\/schema.org\",\"@graph\":[{\"@type\":\"WebPage\",\"@id\":\"https:\\\/\\\/mein-studio.de\\\/?page_id=20\",\"url\":\"https:\\\/\\\/mein-studio.de\\\/?page_id=20\",\"name\":\"Saunabereich - Mein Fitness &amp; Wellness Studio\",\"isPartOf\":{\"@id\":\"https:\\\/\\\/mein-studio.de\\\/#website\"},\"primaryImageOfPage\":{\"@id\":\"https:\\\/\\\/mein-studio.de\\\/?page_id=20#primaryimage\"},\"image\":{\"@id\":\"https:\\\/\\\/mein-studio.de\\\/?page_id=20#primaryimage\"},\"thumbnailUrl\":\"http:\\\/\\\/mein-studio.de\\\/wp-content\\\/uploads\\\/2024\\\/06\\\/Saunabereich.jpg\",\"datePublished\":\"2024-05-24T10:22:30+00:00\",\"dateModified\":\"2024-10-11T15:14:55+00:00\",\"description\":\"G\u00f6nn dir eine Auszeit vom Alltag und erhole dich in unserem Saunabereich mit Innen- und Au\u00dfenruhebereich, Rotlichtkabine und Duschen.\",\"breadcrumb\":{\"@id\":\"https:\\\/\\\/mein-studio.de\\\/?page_id=20#breadcrumb\"},\"inLanguage\":\"de\",\"potentialAction\":[{\"@type\":\"ReadAction\",\"target\":[\"https:\\\/\\\/mein-studio.de\\\/?page_id=20\"]}]},{\"@type\":\"ImageObject\",\"inLanguage\":\"de\",\"@id\":\"https:\\\/\\\/mein-studio.de\\\/?page_id=20#primaryimage\",\"url\":\"https:\\\/\\\/mein-studio.de\\\/wp-content\\\/uploads\\\/2024\\\/06\\\/Saunabereich.jpg\",\"contentUrl\":\"https:\\\/\\\/mein-studio.de\\\/wp-content\\\/uploads\\\/2024\\\/06\\\/Saunabereich.jpg\",\"width\":1920,\"height\":522,\"caption\":\"Kettlebells aufgereiht auf einem Regal mit Aufschrift: Saunabereich: \u00a9 2024 by Sina Spanheimer\"},{\"@type\":\"BreadcrumbList\",\"@id\":\"https:\\\/\\\/mein-studio.de\\\/?page_id=20#breadcrumb\",\"itemListElement\":[{\"@type\":\"ListItem\",\"position\":1,\"name\":\"Startseite\",\"item\":\"https:\\\/\\\/mein-studio.de\\\/\"},{\"@type\":\"ListItem\",\"position\":2,\"name\":\"Saunabereich\"}]},{\"@type\":\"WebSite\",\"@id\":\"https:\\\/\\\/mein-studio.de\\\/#website\",\"url\":\"https:\\\/\\\/mein-studio.de\\\/\",\"name\":\"Mein Fitness &amp; Wellness Studio\",\"description\":\"\",\"publisher\":{\"@id\":\"https:\\\/\\\/mein-studio.de\\\/#organization\"},\"potentialAction\":[{\"@type\":\"SearchAction\",\"target\":{\"@type\":\"EntryPoint\",\"urlTemplate\":\"https:\\\/\\\/mein-studio.de\\\/?s={search_term_string}\"},\"query-input\":{\"@type\":\"PropertyValueSpecification\",\"valueRequired\":true,\"valueName\":\"search_term_string\"}}],\"inLanguage\":\"de\"},{\"@type\":\"Organization\",\"@id\":\"https:\\\/\\\/mein-studio.de\\\/#organization\",\"name\":\"Mein Fitness &amp; Wellness Studio\",\"url\":\"https:\\\/\\\/mein-studio.de\\\/\",\"logo\":{\"@type\":\"ImageObject\",\"inLanguage\":\"de\",\"@id\":\"https:\\\/\\\/mein-studio.de\\\/#\\\/schema\\\/logo\\\/image\\\/\",\"url\":\"https:\\\/\\\/mein-studio.de\\\/wp-content\\\/uploads\\\/2024\\\/05\\\/IMG_0971-1.jpeg\",\"contentUrl\":\"https:\\\/\\\/mein-studio.de\\\/wp-content\\\/uploads\\\/2024\\\/05\\\/IMG_0971-1.jpeg\",\"width\":1941,\"height\":779,\"caption\":\"Mein Fitness &amp; Wellness Studio\"},\"image\":{\"@id\":\"https:\\\/\\\/mein-studio.de\\\/#\\\/schema\\\/logo\\\/image\\\/\"}}]}<\/script>\n<!-- \/ Yoast SEO plugin. -->","yoast_head_json":{"title":"Saunabereich - Mein Fitness &amp; Wellness Studio","description":"G\u00f6nn dir eine Auszeit vom Alltag und erhole dich in unserem Saunabereich mit Innen- und Au\u00dfenruhebereich, Rotlichtkabine und Duschen.","robots":{"index":"index","follow":"follow","max-snippet":"max-snippet:-1","max-image-preview":"max-image-preview:large","max-video-preview":"max-video-preview:-1"},"canonical":"https:\/\/mein-studio.de\/?page_id=20","og_locale":"de_DE","og_type":"article","og_title":"Saunabereich - Mein Fitness &amp; Wellness Studio","og_description":"G\u00f6nn dir eine Auszeit vom Alltag und erhole dich in unserem Saunabereich mit Innen- und Au\u00dfenruhebereich, Rotlichtkabine und Duschen.","og_url":"https:\/\/mein-studio.de\/?page_id=20","og_site_name":"Mein Fitness &amp; Wellness Studio","article_modified_time":"2024-10-11T15:14:55+00:00","og_image":[{"url":"http:\/\/mein-studio.de\/wp-content\/uploads\/2024\/06\/Saunabereich.jpg","type":"","width":"","height":""}],"twitter_card":"summary_large_image","twitter_misc":{"Gesch\u00e4tzte Lesezeit":"3\u00a0Minuten"},"schema":{"@context":"https:\/\/schema.org","@graph":[{"@type":"WebPage","@id":"https:\/\/mein-studio.de\/?page_id=20","url":"https:\/\/mein-studio.de\/?page_id=20","name":"Saunabereich - Mein Fitness &amp; Wellness Studio","isPartOf":{"@id":"https:\/\/mein-studio.de\/#website"},"primaryImageOfPage":{"@id":"https:\/\/mein-studio.de\/?page_id=20#primaryimage"},"image":{"@id":"https:\/\/mein-studio.de\/?page_id=20#primaryimage"},"thumbnailUrl":"http:\/\/mein-studio.de\/wp-content\/uploads\/2024\/06\/Saunabereich.jpg","datePublished":"2024-05-24T10:22:30+00:00","dateModified":"2024-10-11T15:14:55+00:00","description":"G\u00f6nn dir eine Auszeit vom Alltag und erhole dich in unserem Saunabereich mit Innen- und Au\u00dfenruhebereich, Rotlichtkabine und Duschen.","breadcrumb":{"@id":"https:\/\/mein-studio.de\/?page_id=20#breadcrumb"},"inLanguage":"de","potentialAction":[{"@type":"ReadAction","target":["https:\/\/mein-studio.de\/?page_id=20"]}]},{"@type":"ImageObject","inLanguage":"de","@id":"https:\/\/mein-studio.de\/?page_id=20#primaryimage","url":"https:\/\/mein-studio.de\/wp-content\/uploads\/2024\/06\/Saunabereich.jpg","contentUrl":"https:\/\/mein-studio.de\/wp-content\/uploads\/2024\/06\/Saunabereich.jpg","width":1920,"height":522,"caption":"Kettlebells aufgereiht auf einem Regal mit Aufschrift: Saunabereich: \u00a9 2024 by Sina Spanheimer"},{"@type":"BreadcrumbList","@id":"https:\/\/mein-studio.de\/?page_id=20#breadcrumb","itemListElement":[{"@type":"ListItem","position":1,"name":"Startseite","item":"https:\/\/mein-studio.de\/"},{"@type":"ListItem","position":2,"name":"Saunabereich"}]},{"@type":"WebSite","@id":"https:\/\/mein-studio.de\/#website","url":"https:\/\/mein-studio.de\/","name":"Mein Fitness &amp; Wellness Studio","description":"","publisher":{"@id":"https:\/\/mein-studio.de\/#organization"},"potentialAction":[{"@type":"SearchAction","target":{"@type":"EntryPoint","urlTemplate":"https:\/\/mein-studio.de\/?s={search_term_string}"},"query-input":{"@type":"PropertyValueSpecification","valueRequired":true,"valueName":"search_term_string"}}],"inLanguage":"de"},{"@type":"Organization","@id":"https:\/\/mein-studio.de\/#organization","name":"Mein Fitness &amp; Wellness Studio","url":"https:\/\/mein-studio.de\/","logo":{"@type":"ImageObject","inLanguage":"de","@id":"https:\/\/mein-studio.de\/#\/schema\/logo\/image\/","url":"https:\/\/mein-studio.de\/wp-content\/uploads\/2024\/05\/IMG_0971-1.jpeg","contentUrl":"https:\/\/mein-studio.de\/wp-content\/uploads\/2024\/05\/IMG_0971-1.jpeg","width":1941,"height":779,"caption":"Mein Fitness &amp; Wellness Studio"},"image":{"@id":"https:\/\/mein-studio.de\/#\/schema\/logo\/image\/"}}]}},"_links":{"self":[{"href":"https:\/\/mein-studio.de\/index.php?rest_route=\/wp\/v2\/pages\/20","targetHints":{"allow":["GET"]}}],"collection":[{"href":"https:\/\/mein-studio.de\/index.php?rest_route=\/wp\/v2\/pages"}],"about":[{"href":"https:\/\/mein-studio.de\/index.php?rest_route=\/wp\/v2\/types\/page"}],"author":[{"embeddable":true,"href":"https:\/\/mein-studio.de\/index.php?rest_route=\/wp\/v2\/users\/1"}],"replies":[{"embeddable":true,"href":"https:\/\/mein-studio.de\/index.php?rest_route=%2Fwp%2Fv2%2Fcomments&post=20"}],"version-history":[{"count":55,"href":"https:\/\/mein-studio.de\/index.php?rest_route=\/wp\/v2\/pages\/20\/revisions"}],"predecessor-version":[{"id":802,"href":"https:\/\/mein-studio.de\/index.php?rest_route=\/wp\/v2\/pages\/20\/revisions\/802"}],"wp:attachment":[{"href":"https:\/\/mein-studio.de\/index.php?rest_route=%2Fwp%2Fv2%2Fmedia&parent=20"}],"curies":[{"name":"wp","href":"https:\/\/api.w.org\/{rel}","templated":true}]}}